{"id":78345,"date":"2023-09-13T17:52:44","date_gmt":"2023-09-13T15:52:44","guid":{"rendered":"https:\/\/www.bredasys.com\/?page_id=78345"},"modified":"2023-09-14T11:36:46","modified_gmt":"2023-09-14T09:36:46","slug":"merciassistance","status":"publish","type":"page","link":"https:\/\/www.bredasys.com\/fr\/merciassistance.html","title":{"rendered":"Contact &#8211; Merci Assistance"},"content":{"rendered":"\t\t<div data-elementor-type=\"wp-page\" data-elementor-id=\"78345\" class=\"elementor elementor-78345 elementor-78342\" data-elementor-post-type=\"page\">\n\t\t\t\t\t\t<section class=\"elementor-section elementor-top-section elementor-element elementor-element-147d5df1 elementor-section-height-min-height elementor-section-content-middle elementor-section-full_width elementor-section-items-bottom elementor-section-height-default\" data-id=\"147d5df1\" data-element_type=\"section\" data-e-type=\"section\" data-settings=\"{&quot;background_background&quot;:&quot;classic&quot;}\">\n\t\t\t\t\t\t\t<div class=\"elementor-background-overlay\"><\/div>\n\t\t\t\t\t\t\t<div class=\"elementor-container elementor-column-gap-default\">\n\t\t\t\t\t<div class=\"elementor-column elementor-col-100 elementor-top-column elementor-element elementor-element-522612f2\" data-id=\"522612f2\" data-element_type=\"column\" data-e-type=\"column\" data-settings=\"{&quot;background_background&quot;:&quot;classic&quot;}\">\n\t\t\t<div class=\"elementor-widget-wrap elementor-element-populated\">\n\t\t\t\t\t\t<div class=\"elementor-element elementor-element-a999fda elementor-widget elementor-widget-text-editor\" data-id=\"a999fda\" data-element_type=\"widget\" data-e-type=\"widget\" data-widget_type=\"text-editor.default\">\n\t\t\t\t<div class=\"elementor-widget-container\">\n\t\t\t\t\t\t\t\t\tMERCI\t\t\t\t\t\t\t\t<\/div>\n\t\t\t\t<\/div>\n\t\t\t\t<div class=\"elementor-element elementor-element-3c18394 elementor-widget elementor-widget-text-editor\" data-id=\"3c18394\" data-element_type=\"widget\" data-e-type=\"widget\" data-widget_type=\"text-editor.default\">\n\t\t\t\t<div class=\"elementor-widget-container\">\n\t\t\t\t\t\t\t\t\tNotre \u00e9quipe r\u00e9pondra \u00e0 votre demande dans les meilleurs d\u00e9lais\t\t\t\t\t\t\t\t<\/div>\n\t\t\t\t<\/div>\n\t\t\t\t\t<\/div>\n\t\t<\/div>\n\t\t\t\t\t<\/div>\n\t\t<\/section>\n\t\t\t\t<section class=\"elementor-section elementor-top-section elementor-element elementor-element-47f3486 elementor-section-boxed elementor-section-height-default elementor-section-height-default\" data-id=\"47f3486\" data-element_type=\"section\" data-e-type=\"section\" data-settings=\"{&quot;background_background&quot;:&quot;classic&quot;}\">\n\t\t\t\t\t\t\t<div class=\"elementor-background-overlay\"><\/div>\n\t\t\t\t\t\t\t<div class=\"elementor-container elementor-column-gap-narrow\">\n\t\t\t\t\t<div class=\"elementor-column elementor-col-100 elementor-top-column elementor-element elementor-element-6e8f3a2\" data-id=\"6e8f3a2\" data-element_type=\"column\" data-e-type=\"column\">\n\t\t\t<div class=\"elementor-widget-wrap elementor-element-populated\">\n\t\t\t\t\t\t<section class=\"elementor-section elementor-inner-section elementor-element elementor-element-3a27aa7 elementor-section-boxed elementor-section-height-default elementor-section-height-default\" data-id=\"3a27aa7\" data-element_type=\"section\" data-e-type=\"section\" data-settings=\"{&quot;background_background&quot;:&quot;classic&quot;}\">\n\t\t\t\t\t\t<div class=\"elementor-container elementor-column-gap-default\">\n\t\t\t\t\t<div class=\"elementor-column elementor-col-100 elementor-inner-column elementor-element elementor-element-d6e4f3d\" data-id=\"d6e4f3d\" data-element_type=\"column\" data-e-type=\"column\" data-settings=\"{&quot;background_background&quot;:&quot;classic&quot;}\">\n\t\t\t<div class=\"elementor-widget-wrap elementor-element-populated\">\n\t\t\t\t\t\t<div class=\"elementor-element elementor-element-dabd740 elementor-widget elementor-widget-text-editor\" data-id=\"dabd740\" data-element_type=\"widget\" data-e-type=\"widget\" data-widget_type=\"text-editor.default\">\n\t\t\t\t<div class=\"elementor-widget-container\">\n\t\t\t\t\t\t\t\t\t<p style=\"text-align: center;\">Vos donn\u00e9es ont \u00e9t\u00e9 re\u00e7ues et notre \u00e9quipe r\u00e9pondra \u00e0 votre demande dans les meilleurs d\u00e9lais.<\/p>\t\t\t\t\t\t\t\t<\/div>\n\t\t\t\t<\/div>\n\t\t\t\t\t<\/div>\n\t\t<\/div>\n\t\t\t\t\t<\/div>\n\t\t<\/section>\n\t\t\t\t\t<\/div>\n\t\t<\/div>\n\t\t\t\t\t<\/div>\n\t\t<\/section>\n\t\t\t\t<section class=\"elementor-section elementor-top-section elementor-element elementor-element-3c6c703 elementor-section-boxed elementor-section-height-default elementor-section-height-default\" data-id=\"3c6c703\" data-element_type=\"section\" data-e-type=\"section\" data-settings=\"{&quot;background_background&quot;:&quot;classic&quot;,&quot;sticky&quot;:&quot;top&quot;,&quot;sticky_offset&quot;:55,&quot;sticky_offset_tablet&quot;:60,&quot;sticky_on&quot;:[&quot;desktop&quot;,&quot;laptop&quot;,&quot;tablet&quot;,&quot;mobile&quot;],&quot;sticky_effects_offset&quot;:0,&quot;sticky_anchor_link_offset&quot;:0}\">\n\t\t\t\t\t\t\t<div class=\"elementor-background-overlay\"><\/div>\n\t\t\t\t\t\t\t<div class=\"elementor-container elementor-column-gap-narrow\">\n\t\t\t\t\t<div class=\"elementor-column elementor-col-100 elementor-top-column elementor-element elementor-element-2149f45\" data-id=\"2149f45\" data-element_type=\"column\" data-e-type=\"column\">\n\t\t\t<div class=\"elementor-widget-wrap elementor-element-populated\">\n\t\t\t\t\t\t<div class=\"elementor-element elementor-element-4315d85 elementor-widget elementor-widget-text-editor\" data-id=\"4315d85\" data-element_type=\"widget\" data-e-type=\"widget\" data-widget_type=\"text-editor.default\">\n\t\t\t\t<div class=\"elementor-widget-container\">\n\t\t\t\t\t\t\t\t\t<p>BREDA<\/p>\n\t\t\t\t\t\t\t\t<\/div>\n\t\t\t\t<\/div>\n\t\t\t\t<div class=\"elementor-element elementor-element-4f8323a elementor-widget elementor-widget-text-editor\" data-id=\"4f8323a\" data-element_type=\"widget\" data-e-type=\"widget\" data-widget_type=\"text-editor.default\">\n\t\t\t\t<div class=\"elementor-widget-container\">\n\t\t\t\t\t\t\t\t\t<p>D\u00c9COUVREZ NOS PRODUITS.<span style=\"color: #ff6600;\"><\/span><\/p>\n\t\t\t\t\t\t\t\t<\/div>\n\t\t\t\t<\/div>\n\t\t\t\t<div class=\"elementor-element elementor-element-20d5042 elementor-align-right elementor-mobile-align-left elementor-widget elementor-widget-button\" data-id=\"20d5042\" data-element_type=\"widget\" data-e-type=\"widget\" data-widget_type=\"button.default\">\n\t\t\t\t<div class=\"elementor-widget-container\">\n\t\t\t\t\t\t\t\t\t<div class=\"elementor-button-wrapper\">\n\t\t\t\t\t<a class=\"elementor-button elementor-button-link elementor-size-xs\" href=\"http:\/\/bredasys.com\/fr\/produits-breda.html\">\n\t\t\t\t\t\t<span class=\"elementor-button-content-wrapper\">\n\t\t\t\t\t\t<span class=\"elementor-button-icon\">\n\t\t\t\t<i aria-hidden=\"true\" class=\"fas fa-link\"><\/i>\t\t\t<\/span>\n\t\t\t\t\t\t\t\t\t<span class=\"elementor-button-text\">EN SAVOIR PLUS<\/span>\n\t\t\t\t\t<\/span>\n\t\t\t\t\t<\/a>\n\t\t\t\t<\/div>\n\t\t\t\t\t\t\t\t<\/div>\n\t\t\t\t<\/div>\n\t\t\t\t\t<\/div>\n\t\t<\/div>\n\t\t\t\t\t<\/div>\n\t\t<\/section>\n\t\t\t\t<\/div>\n\t\t","protected":false},"excerpt":{"rendered":"<p>MERCINotre \u00e9quipe r\u00e9pondra \u00e0 votre demande dans les meilleurs d\u00e9lais Vos donn\u00e9es ont \u00e9t\u00e9 re\u00e7ues et notre \u00e9quipe r\u00e9pondra \u00e0 votre demande dans les meilleurs d\u00e9lais. BREDA D\u00c9COUVREZ NOS PRODUITS. EN SAVOIR PLUS<\/p>\n","protected":false},"author":8,"featured_media":68201,"parent":0,"menu_order":0,"comment_status":"closed","ping_status":"closed","template":"","meta":{"_acf_changed":false,"footnotes":""},"class_list":["post-78345","page","type-page","status-publish","has-post-thumbnail","hentry"],"acf":[],"yoast_head":"<!-- This site is optimized with the Yoast SEO plugin v27.1.1 - https:\/\/yoast.com\/product\/yoast-seo-wordpress\/ -->\n<title>Contactez-nous - Merci<\/title>\n<meta name=\"description\" content=\"Contactez-nous pour toutes les informations\" \/>\n<meta name=\"robots\" content=\"index, follow, max-snippet:-1, max-image-preview:large, max-video-preview:-1\" \/>\n<link rel=\"canonical\" href=\"https:\/\/www.bredasys.com\/fr\/merciassistance.html\" \/>\n<meta property=\"og:locale\" content=\"fr_FR\" \/>\n<meta property=\"og:type\" content=\"article\" \/>\n<meta property=\"og:title\" content=\"Contactez-nous - Merci\" \/>\n<meta property=\"og:description\" content=\"Contactez-nous pour toutes les informations\" \/>\n<meta property=\"og:url\" content=\"https:\/\/www.bredasys.com\/fr\/merciassistance.html\" \/>\n<meta property=\"og:site_name\" content=\"Breda Sistemi Industriali S.p.A.\" \/>\n<meta property=\"article:publisher\" content=\"https:\/\/www.facebook.com\/BredaPortoni\/\" \/>\n<meta property=\"article:modified_time\" content=\"2023-09-14T09:36:46+00:00\" \/>\n<meta property=\"og:image\" content=\"https:\/\/www.bredasys.com\/wp-content\/uploads\/2022\/06\/Contatti-assistenza-In-evidenza.webp\" \/>\n\t<meta property=\"og:image:width\" content=\"931\" \/>\n\t<meta property=\"og:image:height\" content=\"474\" \/>\n\t<meta property=\"og:image:type\" content=\"image\/webp\" \/>\n<meta name=\"twitter:card\" content=\"summary_large_image\" \/>\n<meta name=\"twitter:site\" content=\"@BredaPortoni\" \/>\n<meta name=\"twitter:label1\" content=\"Dur\u00e9e de lecture estim\u00e9e\" \/>\n\t<meta name=\"twitter:data1\" content=\"6 minutes\" \/>\n<script type=\"application\/ld+json\" class=\"yoast-schema-graph\">{\"@context\":\"https:\/\/schema.org\",\"@graph\":[{\"@type\":\"WebPage\",\"@id\":\"https:\/\/www.bredasys.com\/fr\/merciassistance.html\",\"url\":\"https:\/\/www.bredasys.com\/fr\/merciassistance.html\",\"name\":\"Contactez-nous - Merci\",\"isPartOf\":{\"@id\":\"https:\/\/www.bredasys.com\/fr#website\"},\"primaryImageOfPage\":{\"@id\":\"https:\/\/www.bredasys.com\/fr\/merciassistance.html#primaryimage\"},\"image\":{\"@id\":\"https:\/\/www.bredasys.com\/fr\/merciassistance.html#primaryimage\"},\"thumbnailUrl\":\"https:\/\/www.bredasys.com\/wp-content\/uploads\/2022\/06\/Contatti-assistenza-In-evidenza.webp\",\"datePublished\":\"2023-09-13T15:52:44+00:00\",\"dateModified\":\"2023-09-14T09:36:46+00:00\",\"description\":\"Contactez-nous pour toutes les informations\",\"breadcrumb\":{\"@id\":\"https:\/\/www.bredasys.com\/fr\/merciassistance.html#breadcrumb\"},\"inLanguage\":\"fr-FR\",\"potentialAction\":[{\"@type\":\"ReadAction\",\"target\":[\"https:\/\/www.bredasys.com\/fr\/merciassistance.html\"]}]},{\"@type\":\"ImageObject\",\"inLanguage\":\"fr-FR\",\"@id\":\"https:\/\/www.bredasys.com\/fr\/merciassistance.html#primaryimage\",\"url\":\"https:\/\/www.bredasys.com\/wp-content\/uploads\/2022\/06\/Contatti-assistenza-In-evidenza.webp\",\"contentUrl\":\"https:\/\/www.bredasys.com\/wp-content\/uploads\/2022\/06\/Contatti-assistenza-In-evidenza.webp\",\"width\":931,\"height\":474},{\"@type\":\"BreadcrumbList\",\"@id\":\"https:\/\/www.bredasys.com\/fr\/merciassistance.html#breadcrumb\",\"itemListElement\":[{\"@type\":\"ListItem\",\"position\":1,\"name\":\"Breda\",\"item\":\"https:\/\/www.bredasys.com\/fr\"},{\"@type\":\"ListItem\",\"position\":2,\"name\":\"Contact &#8211; Merci Assistance\"}]},{\"@type\":\"WebSite\",\"@id\":\"https:\/\/www.bredasys.com\/fr#website\",\"url\":\"https:\/\/www.bredasys.com\/fr\",\"name\":\"Breda Sistemi Industriali S.p.A.\",\"description\":\"Porte da garage, portoni industriali\",\"publisher\":{\"@id\":\"https:\/\/www.bredasys.com\/fr#organization\"},\"potentialAction\":[{\"@type\":\"SearchAction\",\"target\":{\"@type\":\"EntryPoint\",\"urlTemplate\":\"https:\/\/www.bredasys.com\/fr?s={search_term_string}\"},\"query-input\":{\"@type\":\"PropertyValueSpecification\",\"valueRequired\":true,\"valueName\":\"search_term_string\"}}],\"inLanguage\":\"fr-FR\"},{\"@type\":\"Organization\",\"@id\":\"https:\/\/www.bredasys.com\/fr#organization\",\"name\":\"Breda Sistemi Industriali S.p.A.\",\"alternateName\":\"Breda Portoni\",\"url\":\"https:\/\/www.bredasys.com\/fr\",\"logo\":{\"@type\":\"ImageObject\",\"inLanguage\":\"fr-FR\",\"@id\":\"https:\/\/www.bredasys.com\/fr#\/schema\/logo\/image\/\",\"url\":\"https:\/\/www.bredasys.com\/wp-content\/uploads\/2024\/06\/Logo-Breda-01-quadrato-696.jpg\",\"contentUrl\":\"https:\/\/www.bredasys.com\/wp-content\/uploads\/2024\/06\/Logo-Breda-01-quadrato-696.jpg\",\"width\":696,\"height\":696,\"caption\":\"Breda Sistemi Industriali S.p.A.\"},\"image\":{\"@id\":\"https:\/\/www.bredasys.com\/fr#\/schema\/logo\/image\/\"},\"sameAs\":[\"https:\/\/www.facebook.com\/BredaPortoni\/\",\"https:\/\/x.com\/BredaPortoni\",\"https:\/\/www.linkedin.com\/company\/breda-sistemi-industriali\/\"]}]}<\/script>\n<!-- \/ Yoast SEO plugin. -->","yoast_head_json":{"title":"Contactez-nous - Merci","description":"Contactez-nous pour toutes les informations","robots":{"index":"index","follow":"follow","max-snippet":"max-snippet:-1","max-image-preview":"max-image-preview:large","max-video-preview":"max-video-preview:-1"},"canonical":"https:\/\/www.bredasys.com\/fr\/merciassistance.html","og_locale":"fr_FR","og_type":"article","og_title":"Contactez-nous - Merci","og_description":"Contactez-nous pour toutes les informations","og_url":"https:\/\/www.bredasys.com\/fr\/merciassistance.html","og_site_name":"Breda Sistemi Industriali S.p.A.","article_publisher":"https:\/\/www.facebook.com\/BredaPortoni\/","article_modified_time":"2023-09-14T09:36:46+00:00","og_image":[{"width":931,"height":474,"url":"https:\/\/www.bredasys.com\/wp-content\/uploads\/2022\/06\/Contatti-assistenza-In-evidenza.webp","type":"image\/webp"}],"twitter_card":"summary_large_image","twitter_site":"@BredaPortoni","twitter_misc":{"Dur\u00e9e de lecture estim\u00e9e":"6 minutes"},"schema":{"@context":"https:\/\/schema.org","@graph":[{"@type":"WebPage","@id":"https:\/\/www.bredasys.com\/fr\/merciassistance.html","url":"https:\/\/www.bredasys.com\/fr\/merciassistance.html","name":"Contactez-nous - Merci","isPartOf":{"@id":"https:\/\/www.bredasys.com\/fr#website"},"primaryImageOfPage":{"@id":"https:\/\/www.bredasys.com\/fr\/merciassistance.html#primaryimage"},"image":{"@id":"https:\/\/www.bredasys.com\/fr\/merciassistance.html#primaryimage"},"thumbnailUrl":"https:\/\/www.bredasys.com\/wp-content\/uploads\/2022\/06\/Contatti-assistenza-In-evidenza.webp","datePublished":"2023-09-13T15:52:44+00:00","dateModified":"2023-09-14T09:36:46+00:00","description":"Contactez-nous pour toutes les informations","breadcrumb":{"@id":"https:\/\/www.bredasys.com\/fr\/merciassistance.html#breadcrumb"},"inLanguage":"fr-FR","potentialAction":[{"@type":"ReadAction","target":["https:\/\/www.bredasys.com\/fr\/merciassistance.html"]}]},{"@type":"ImageObject","inLanguage":"fr-FR","@id":"https:\/\/www.bredasys.com\/fr\/merciassistance.html#primaryimage","url":"https:\/\/www.bredasys.com\/wp-content\/uploads\/2022\/06\/Contatti-assistenza-In-evidenza.webp","contentUrl":"https:\/\/www.bredasys.com\/wp-content\/uploads\/2022\/06\/Contatti-assistenza-In-evidenza.webp","width":931,"height":474},{"@type":"BreadcrumbList","@id":"https:\/\/www.bredasys.com\/fr\/merciassistance.html#breadcrumb","itemListElement":[{"@type":"ListItem","position":1,"name":"Breda","item":"https:\/\/www.bredasys.com\/fr"},{"@type":"ListItem","position":2,"name":"Contact &#8211; Merci Assistance"}]},{"@type":"WebSite","@id":"https:\/\/www.bredasys.com\/fr#website","url":"https:\/\/www.bredasys.com\/fr","name":"Breda Sistemi Industriali S.p.A.","description":"Porte da garage, portoni industriali","publisher":{"@id":"https:\/\/www.bredasys.com\/fr#organization"},"potentialAction":[{"@type":"SearchAction","target":{"@type":"EntryPoint","urlTemplate":"https:\/\/www.bredasys.com\/fr?s={search_term_string}"},"query-input":{"@type":"PropertyValueSpecification","valueRequired":true,"valueName":"search_term_string"}}],"inLanguage":"fr-FR"},{"@type":"Organization","@id":"https:\/\/www.bredasys.com\/fr#organization","name":"Breda Sistemi Industriali S.p.A.","alternateName":"Breda Portoni","url":"https:\/\/www.bredasys.com\/fr","logo":{"@type":"ImageObject","inLanguage":"fr-FR","@id":"https:\/\/www.bredasys.com\/fr#\/schema\/logo\/image\/","url":"https:\/\/www.bredasys.com\/wp-content\/uploads\/2024\/06\/Logo-Breda-01-quadrato-696.jpg","contentUrl":"https:\/\/www.bredasys.com\/wp-content\/uploads\/2024\/06\/Logo-Breda-01-quadrato-696.jpg","width":696,"height":696,"caption":"Breda Sistemi Industriali S.p.A."},"image":{"@id":"https:\/\/www.bredasys.com\/fr#\/schema\/logo\/image\/"},"sameAs":["https:\/\/www.facebook.com\/BredaPortoni\/","https:\/\/x.com\/BredaPortoni","https:\/\/www.linkedin.com\/company\/breda-sistemi-industriali\/"]}]}},"jetpack_sharing_enabled":true,"_links":{"self":[{"href":"https:\/\/www.bredasys.com\/fr\/wp-json\/wp\/v2\/pages\/78345","targetHints":{"allow":["GET"]}}],"collection":[{"href":"https:\/\/www.bredasys.com\/fr\/wp-json\/wp\/v2\/pages"}],"about":[{"href":"https:\/\/www.bredasys.com\/fr\/wp-json\/wp\/v2\/types\/page"}],"author":[{"embeddable":true,"href":"https:\/\/www.bredasys.com\/fr\/wp-json\/wp\/v2\/users\/8"}],"replies":[{"embeddable":true,"href":"https:\/\/www.bredasys.com\/fr\/wp-json\/wp\/v2\/comments?post=78345"}],"version-history":[{"count":0,"href":"https:\/\/www.bredasys.com\/fr\/wp-json\/wp\/v2\/pages\/78345\/revisions"}],"wp:featuredmedia":[{"embeddable":true,"href":"https:\/\/www.bredasys.com\/fr\/wp-json\/wp\/v2\/media\/68201"}],"wp:attachment":[{"href":"https:\/\/www.bredasys.com\/fr\/wp-json\/wp\/v2\/media?parent=78345"}],"curies":[{"name":"wp","href":"https:\/\/api.w.org\/{rel}","templated":true}]}}